{"id":9402,"date":"2025-03-14T17:10:34","date_gmt":"2025-03-14T16:10:34","guid":{"rendered":"https:\/\/futurelawlab.pl\/?page_id=9402"},"modified":"2025-03-14T17:10:34","modified_gmt":"2025-03-14T16:10:34","slug":"fll-startups","status":"publish","type":"page","link":"https:\/\/futurelawlab.pl\/pl\/fll-startups\/","title":{"rendered":"FLL STARTUPS"},"content":{"rendered":"[vc_row type=&#8221;full_width_background&#8221; full_screen_row_position=&#8221;middle&#8221; column_margin=&#8221;default&#8221; column_direction=&#8221;default&#8221; column_direction_tablet=&#8221;default&#8221; column_direction_phone=&#8221;default&#8221; bg_color=&#8221;#ffffff&#8221; bg_image=&#8221;9143&#8243; bg_position=&#8221;left top&#8221; background_image_loading=&#8221;default&#8221; bg_repeat=&#8221;no-repeat&#8221; scene_position=&#8221;center&#8221; top_padding=&#8221;10%&#8221; bottom_padding=&#8221;10%&#8221; text_color=&#8221;light&#8221; text_align=&#8221;left&#8221; row_border_radius=&#8221;none&#8221; row_border_radius_applies=&#8221;bg&#8221; overflow=&#8221;visible&#8221; enable_gradient=&#8221;true&#8221; color_overlay=&#8221;#0d8700&#8243; color_overlay_2=&#8221;#0d0ddb&#8221; advanced_gradient_angle=&#8221;0&#8243; overlay_strength=&#8221;0.8&#8243; gradient_direction=&#8221;left_to_right&#8221; shape_divider_position=&#8221;bottom&#8221; bg_image_animation=&#8221;none&#8221; parallax_bg=&#8221;true&#8221; parallax_bg_speed=&#8221;fast&#8221; shape_type=&#8221;&#8221; gradient_type=&#8221;default&#8221;][vc_column column_padding=&#8221;no-extra-padding&#8221; column_padding_tablet=&#8221;inherit&#8221; column_padding_phone=&#8221;inherit&#8221; column_padding_position=&#8221;all&#8221; column_element_spacing=&#8221;default&#8221; background_color_opacity=&#8221;1&#8243; background_hover_color_opacity=&#8221;1&#8243; column_shadow=&#8221;none&#8221; column_border_radius=&#8221;none&#8221; column_link_target=&#8221;_self&#8221; column_position=&#8221;default&#8221; gradient_direction=&#8221;left_to_right&#8221; overlay_strength=&#8221;0.3&#8243; width=&#8221;1\/1&#8243; tablet_width_inherit=&#8221;default&#8221; tablet_text_alignment=&#8221;default&#8221; phone_text_alignment=&#8221;default&#8221; animation_type=&#8221;default&#8221; bg_image_animation=&#8221;none&#8221; border_type=&#8221;simple&#8221; column_border_width=&#8221;none&#8221; column_border_style=&#8221;solid&#8221;][nectar_highlighted_text color_type=&#8221;regular&#8221; highlight_color=&#8221;#ba6da7&#8243; text_color=&#8221;#ffffff&#8221; style=&#8221;half_text&#8221;]\n<h2>Konkurs FLL Startups: edycja I<\/h2>\n<h5><\/h5>\n[\/nectar_highlighted_text][nectar_highlighted_text color_type=&#8221;regular&#8221; highlight_color=&#8221;#a663bf&#8221; text_color=&#8221;#ffffff&#8221; style=&#8221;half_text&#8221;]Future Law Lab og\u0142asza konkurs na dofinansowanie dzia\u0142alno\u015bci grup badawczych (research startups) w formie projekt\u00f3w z zakresu <a href=\"https:\/\/futurelawlab.pl\/about-us\/\">problematyki FLL<\/a>.[\/nectar_highlighted_text][nectar_highlighted_text color_type=&#8221;regular&#8221; highlight_color=&#8221;#a663bf&#8221; text_color=&#8221;#ffffff&#8221; style=&#8221;half_text&#8221;]\n<h4><em>Nab\u00f3r wniosk\u00f3w: do 10.09.2024 <\/em><\/h4>\n[\/nectar_highlighted_text][nectar_highlighted_text color_type=&#8221;regular&#8221; highlight_color=&#8221;#a663bf&#8221; text_color=&#8221;#ffffff&#8221; style=&#8221;half_text&#8221;]Zainteresowane osoby chcieliby\u015bmy zaprosi\u0107 na spotkania informacyjne:<\/p>\n<ol>\n<li><strong>30 lipca (wtorek) o 12:00 \u2013 online: <a href=\"https:\/\/teams.microsoft.com\/l\/meetup-join\/19%3ameeting_MDg0ZTc4YzktNDRhMy00NWM5LWFlZGUtZDE1M2I1ZWU4MmQ1%40thread.v2\/0?context=%7b%22Tid%22%3a%22eb0e26eb-bfbe-47d2-9e90-ebd2426dbceb%22%2c%22Oid%22%3a%2239498dea-57c7-4a84-9a02-83ecd3bec9b6%22%7d\">LINK<\/a>,<\/strong><\/li>\n<li><strong>6 sierpnia (wtorek) o 12:00 \u2013 sala seminaryjna (obok sali audytoryjnej), ul., Bracka 12 (Pa\u0142ac Larischa).<\/strong><\/li>\n<\/ol>\n<p>Rozmowy: 11\u201330.09.2024 (o terminach rozm\u00f3w b\u0119dziemy informowa\u0107 wnioskodawc\u00f3w po weryfikacji formalnej wniosk\u00f3w).<\/p>\n<p>Wyniki konkursu: 1.10.2024.[\/nectar_highlighted_text][vc_column_text]Konkurs wdra\u017ca polityk\u0119 wsparcia pracownik\u00f3w naukowych w ramach programu strategicznego <a href=\"https:\/\/id.uj.edu.pl\/\">Inicjatywa Doskona\u0142o\u015bci w Uniwersytecie Jagiello\u0144skim.<\/a><\/p>\n<p>Z wnioskiem konkursowym wyst\u0105pi\u0107 mo\u017ce nauczyciel akademicki lub pracownik naukowo-techniczny zatrudniony na Uniwersytecie Jagiello\u0144skim co najmniej do 31 grudnia 2027 r.<\/p>\n<p>Grupa badawcza sk\u0142ada si\u0119 co najmniej z wnioskodawcy (lidera grupy) i badacza afiliowanego wy\u0142\u0105cznie w zagranicznej instytucji naukowej (wsp\u00f3\u0142pracownika zagranicznego).<\/p>\n<p>Obowi\u0105zkowe elementy projektu:<\/p>\n<ul>\n<li data-leveltext=\"\uf0b7\" data-font=\"Symbol\" data-listid=\"14\" data-list-defn-props=\"{&quot;335552541&quot;:1,&quot;335559683&quot;:0,&quot;335559684&quot;:-2,&quot;335559685&quot;:720,&quot;335559991&quot;:360,&quot;469769226&quot;:&quot;Symbol&quot;,&quot;469769242&quot;:[8226],&quot;469777803&quot;:&quot;left&quot;,&quot;469777804&quot;:&quot;\uf0b7&quot;,&quot;469777815&quot;:&quot;hybridMultilevel&quot;}\" aria-setsize=\"-1\" data-aria-posinset=\"1\" data-aria-level=\"1\">badania naukowe w zakresie <a href=\"https:\/\/futurelawlab.pl\/about-us\/\" target=\"_blank\" rel=\"noopener\">problematyki FLL<\/a>,<\/li>\n<li data-leveltext=\"\uf0b7\" data-font=\"Symbol\" data-listid=\"14\" data-list-defn-props=\"{&quot;335552541&quot;:1,&quot;335559683&quot;:0,&quot;335559684&quot;:-2,&quot;335559685&quot;:720,&quot;335559991&quot;:360,&quot;469769226&quot;:&quot;Symbol&quot;,&quot;469769242&quot;:[8226],&quot;469777803&quot;:&quot;left&quot;,&quot;469777804&quot;:&quot;\uf0b7&quot;,&quot;469777815&quot;:&quot;hybridMultilevel&quot;}\" aria-setsize=\"-1\" data-aria-posinset=\"2\" data-aria-level=\"1\">wizyta badawcza wsp\u00f3\u0142pracownika zagranicznego na UJ,<\/li>\n<li data-leveltext=\"\uf0b7\" data-font=\"Symbol\" data-listid=\"14\" data-list-defn-props=\"{&quot;335552541&quot;:1,&quot;335559683&quot;:0,&quot;335559684&quot;:-2,&quot;335559685&quot;:720,&quot;335559991&quot;:360,&quot;469769226&quot;:&quot;Symbol&quot;,&quot;469769242&quot;:[8226],&quot;469777803&quot;:&quot;left&quot;,&quot;469777804&quot;:&quot;\uf0b7&quot;,&quot;469777815&quot;:&quot;hybridMultilevel&quot;}\" aria-setsize=\"-1\" data-aria-posinset=\"3\" data-aria-level=\"1\">zgodne z regulaminem rezultaty.<\/li>\n<\/ul>\n<p>Pozosta\u0142e zasady konkursu znale\u017a\u0107 mo\u017cna w regulaminie (poni\u017cej).<\/p>\n<p>Wnioski nale\u017cy sk\u0142ada\u0107 za pomoc\u0105 <a href=\"https:\/\/forms.office.com\/e\/j6Frb80GjB\">elektronicznego formularza konkursowego<\/a>.<\/p>\n<p>Zastrzega si\u0119 mo\u017cliwo\u015b\u0107 odmowy przyznania dofinansowania w razie wyczerpania b\u0105d\u017a niewystarczaj\u0105cych \u015brodk\u00f3w finansowych.<\/p>\n<p>Ewentualne pytania prosimy kierowa\u0107 na adres mailowy Future Law Labu: <a href=\"mailto:fll@uj.edu.pl\">fll@uj.edu.pl<\/a>.<\/p>\n[\/vc_column_text][divider line_type=&#8221;No Line&#8221; custom_height=&#8221;50&#8243;][nectar_text_inline_images media_type=&#8221;images&#8221; image_size=&#8221;medium&#8221; image_effect=&#8221;none&#8221; image_loading=&#8221;default&#8221;]\n<h5>Regulamin konkursu: <a href=\"https:\/\/futurelawlab.pl\/wp-content\/uploads\/2024\/06\/FLL-startups_regulamin.pdf\">FLL startups_regulamin<\/a><\/h5>\n[\/nectar_text_inline_images][divider line_type=&#8221;No Line&#8221; custom_height=&#8221;100&#8243;][nectar_highlighted_text color_type=&#8221;regular&#8221; highlight_color=&#8221;#bb3a9d&#8221; style=&#8221;full_text&#8221; highlight_expansion=&#8221;default&#8221; delay=&#8221;120&#8243;]\n<h2>Aktualno\u015bci<\/h2>\n[\/nectar_highlighted_text][nectar_post_grid post_type=&#8221;post&#8221; blog_category=&#8221;fll-startups&#8221; order=&#8221;DESC&#8221; orderby=&#8221;date&#8221; pagination=&#8221;none&#8221; columns=&#8221;4&#8243; grid_item_spacing=&#8221;none&#8221; grid_item_height=&#8221;30vh&#8221; image_size=&#8221;large&#8221; image_loading=&#8221;default&#8221; animation=&#8221;none&#8221; heading_tag=&#8221;default&#8221; category_position=&#8221;default&#8221; grid_style=&#8221;content_overlaid&#8221; text_content_layout=&#8221;all_top_left&#8221; color_overlay_opacity=&#8221;0.3&#8243; color_overlay_hover_opacity=&#8221;0.4&#8243; text_color=&#8221;light&#8221; text_color_hover=&#8221;light&#8221; text_opacity=&#8221;1&#8243; text_hover_opacity=&#8221;1&#8243; hover_effect=&#8221;zoom&#8221; border_radius=&#8221;none&#8221; posts_per_page=&#8221;3&#8243;][\/vc_column][\/vc_row]\n","protected":false},"excerpt":{"rendered":"<p>[vc_row type=&#8221;full_width_background&#8221; full_screen_row_position=&#8221;middle&#8221; column_margin=&#8221;default&#8221; column_direction=&#8221;default&#8221; column_direction_tablet=&#8221;default&#8221; column_direction_phone=&#8221;default&#8221; bg_color=&#8221;#ffffff&#8221; bg_image=&#8221;9143&#8243; bg_position=&#8221;left top&#8221; background_image_loading=&#8221;default&#8221; bg_repeat=&#8221;no-repeat&#8221; scene_position=&#8221;center&#8221; top_padding=&#8221;10%&#8221; bottom_padding=&#8221;10%&#8221; text_color=&#8221;light&#8221; text_align=&#8221;left&#8221; row_border_radius=&#8221;none&#8221; row_border_radius_applies=&#8221;bg&#8221; overflow=&#8221;visible&#8221; enable_gradient=&#8221;true&#8221; color_overlay=&#8221;#0d8700&#8243; color_overlay_2=&#8221;#0d0ddb&#8221; advanced_gradient_angle=&#8221;0&#8243; overlay_strength=&#8221;0.8&#8243; gradient_direction=&#8221;left_to_right&#8221; shape_divider_position=&#8221;bottom&#8221; bg_image_animation=&#8221;none&#8221; parallax_bg=&#8221;true&#8221;&#8230;<\/p>\n","protected":false},"author":4,"featured_media":0,"parent":0,"menu_order":0,"comment_status":"closed","ping_status":"closed","template":"","meta":{"footnotes":""},"_links":{"self":[{"href":"https:\/\/futurelawlab.pl\/pl\/wp-json\/wp\/v2\/pages\/9402"}],"collection":[{"href":"https:\/\/futurelawlab.pl\/pl\/wp-json\/wp\/v2\/pages"}],"about":[{"href":"https:\/\/futurelawlab.pl\/pl\/wp-json\/wp\/v2\/types\/page"}],"author":[{"embeddable":true,"href":"https:\/\/futurelawlab.pl\/pl\/wp-json\/wp\/v2\/users\/4"}],"replies":[{"embeddable":true,"href":"https:\/\/futurelawlab.pl\/pl\/wp-json\/wp\/v2\/comments?post=9402"}],"version-history":[{"count":1,"href":"https:\/\/futurelawlab.pl\/pl\/wp-json\/wp\/v2\/pages\/9402\/revisions"}],"predecessor-version":[{"id":9403,"href":"https:\/\/futurelawlab.pl\/pl\/wp-json\/wp\/v2\/pages\/9402\/revisions\/9403"}],"wp:attachment":[{"href":"https:\/\/futurelawlab.pl\/pl\/wp-json\/wp\/v2\/media?parent=9402"}],"curies":[{"name":"wp","href":"https:\/\/api.w.org\/{rel}","templated":true}]}}