{"id":9398,"date":"2025-03-14T17:09:33","date_gmt":"2025-03-14T16:09:33","guid":{"rendered":"https:\/\/futurelawlab.pl\/?page_id=9398"},"modified":"2025-03-21T15:21:05","modified_gmt":"2025-03-21T14:21:05","slug":"konkurs-fll-startups-2","status":"publish","type":"page","link":"https:\/\/futurelawlab.pl\/pl\/fll-startups\/konkurs-fll-startups-2\/","title":{"rendered":"Konkurs FLL Startups #2"},"content":{"rendered":"[vc_row type=&#8221;full_width_background&#8221; full_screen_row_position=&#8221;middle&#8221; column_margin=&#8221;default&#8221; column_direction=&#8221;default&#8221; column_direction_tablet=&#8221;default&#8221; column_direction_phone=&#8221;default&#8221; bg_color=&#8221;#0c3d9e&#8221; bg_image=&#8221;7638&#8243; bg_position=&#8221;left top&#8221; background_image_loading=&#8221;default&#8221; bg_repeat=&#8221;no-repeat&#8221; scene_position=&#8221;center&#8221; top_padding=&#8221;10%&#8221; bottom_padding=&#8221;10%&#8221; text_color=&#8221;light&#8221; text_align=&#8221;left&#8221; row_border_radius=&#8221;none&#8221; row_border_radius_applies=&#8221;bg&#8221; overflow=&#8221;visible&#8221; enable_gradient=&#8221;true&#8221; color_overlay=&#8221;#162b93&#8243; color_overlay_2=&#8221;#1680aa&#8221; advanced_gradient_angle=&#8221;0&#8243; overlay_strength=&#8221;0.8&#8243; gradient_direction=&#8221;left_to_right&#8221; shape_divider_position=&#8221;bottom&#8221; bg_image_animation=&#8221;none&#8221; parallax_bg=&#8221;true&#8221; parallax_bg_speed=&#8221;fast&#8221; shape_type=&#8221;&#8221; gradient_type=&#8221;default&#8221;][vc_column column_padding=&#8221;no-extra-padding&#8221; column_padding_tablet=&#8221;inherit&#8221; column_padding_phone=&#8221;inherit&#8221; column_padding_position=&#8221;all&#8221; column_element_spacing=&#8221;default&#8221; background_color_opacity=&#8221;1&#8243; background_hover_color_opacity=&#8221;1&#8243; column_shadow=&#8221;none&#8221; column_border_radius=&#8221;none&#8221; column_link_target=&#8221;_self&#8221; column_position=&#8221;default&#8221; gradient_direction=&#8221;left_to_right&#8221; overlay_strength=&#8221;0.3&#8243; width=&#8221;1\/1&#8243; tablet_width_inherit=&#8221;default&#8221; tablet_text_alignment=&#8221;default&#8221; phone_text_alignment=&#8221;default&#8221; animation_type=&#8221;default&#8221; bg_image_animation=&#8221;none&#8221; border_type=&#8221;simple&#8221; column_border_width=&#8221;none&#8221; column_border_style=&#8221;solid&#8221;][nectar_highlighted_text color_type=&#8221;regular&#8221; highlight_color=&#8221;#bb3a9d&#8221; style=&#8221;half_text&#8221;]\n<h2><b>Konkurs FLL Startups #2<\/b><\/h2>\n[\/nectar_highlighted_text][nectar_text_inline_images media_type=&#8221;images&#8221; image_size=&#8221;medium&#8221; image_effect=&#8221;none&#8221; image_loading=&#8221;default&#8221;]\n<h4><span style=\"font-weight: 400;\">Future Law Lab og\u0142asza drug\u0105 edycj\u0119 konkursu na dofinansowanie dzia\u0142alno\u015bci grup badawczych (research startups) w formie projekt\u00f3w z zakresu <\/span><a href=\"https:\/\/futurelawlab.pl\/pl\/o-nas\/\"><span style=\"font-weight: 400;\">problematyki FLL<\/span><\/a><span style=\"font-weight: 400;\">.<\/span><b><\/b><\/h4>\n[\/nectar_text_inline_images][nectar_text_inline_images media_type=&#8221;images&#8221; image_size=&#8221;medium&#8221; image_effect=&#8221;none&#8221; image_loading=&#8221;default&#8221;]\n<h4><b>Nab\u00f3r wniosk\u00f3w: do 18 kwietnia 2025 r.<\/b><\/h4>\n[\/nectar_text_inline_images][nectar_text_inline_images media_type=&#8221;images&#8221; image_size=&#8221;medium&#8221; image_effect=&#8221;none&#8221; image_loading=&#8221;default&#8221;]\n<h4><span style=\"font-weight: 400;\">Zainteresowane osoby zapraszamy na spotkania informacyjne online:<\/span><\/h4>\n<ul>\n<li style=\"font-weight: 400;\" aria-level=\"1\">\n<h4><span style=\"font-weight: 400;\">25 marca (wtorek) o 12:00 \u2013 <\/span><a href=\"https:\/\/teams.microsoft.com\/meet\/391441372928?p=t6GkubZ7acB0RiUdfP\"><span style=\"font-weight: 400;\">link MS Teams<\/span><\/a><\/h4>\n<\/li>\n<li style=\"font-weight: 400;\" aria-level=\"1\">\n<h4><span style=\"font-weight: 400;\">2 kwietnia (\u015broda) o 12:00 \u2013 <\/span><a href=\"https:\/\/teams.microsoft.com\/meet\/342270056059?p=z5QwdqOS9zPXk1OtGk\"><span style=\"font-weight: 400;\">link MS Teams\u00a0<\/span><\/a><\/h4>\n<\/li>\n<\/ul>\n<p><span style=\"font-weight: 400;\">Rozmowy: 24\u201329 kwietnia 2025 r. (o szczeg\u00f3\u0142ach poinformujemy wnioskodawc\u00f3w po weryfikacji formalnej wniosk\u00f3w)<\/span><\/p>\n<p><span style=\"font-weight: 400;\">Wyniki konkursu: 6 maja 2025 r.<\/span><\/p>\n<p><span style=\"font-weight: 400;\">Konkurs wdra\u017ca polityk\u0119 wsparcia pracownik\u00f3w naukowych w ramach programu strategicznego <\/span><a href=\"https:\/\/id.uj.edu.pl\"><span style=\"font-weight: 400;\">Inicjatywa Doskona\u0142o\u015bci w Uniwersytecie Jagiello\u0144skim<\/span><\/a><span style=\"font-weight: 400;\">.<\/span><\/p>\n<p><span style=\"font-weight: 400;\">Z wnioskiem konkursowym wyst\u0105pi\u0107 mo\u017ce nauczyciel akademicki lub pracownik naukowo-techniczny zatrudniony na Uniwersytecie Jagiello\u0144skim co najmniej do 18 stycznia 2028 r.<\/span><\/p>\n<p><span style=\"font-weight: 400;\">Grupa badawcza sk\u0142ada si\u0119 <\/span><b>co najmniej<\/b><span style=\"font-weight: 400;\"> z wnioskodawcy (lidera grupy) i badacza afiliowanego wy\u0142\u0105cznie w zagranicznej instytucji naukowej (wsp\u00f3\u0142pracownika zagranicznego).<\/span><\/p>\n<p><span style=\"font-weight: 400;\">Obowi\u0105zkowe elementy projektu:<\/span><\/p>\n<ul>\n<li style=\"font-weight: 400;\" aria-level=\"1\"><span style=\"font-weight: 400;\">badania naukowe w zakresie <\/span><a href=\"https:\/\/futurelawlab.pl\/pl\/o-nas\/\"><span style=\"font-weight: 400;\">problematyki FLL<\/span><\/a><\/li>\n<li style=\"font-weight: 400;\" aria-level=\"1\"><span style=\"font-weight: 400;\">wizyta badawcza wsp\u00f3\u0142pracownika zagranicznego na UJ<\/span><\/li>\n<li style=\"font-weight: 400;\" aria-level=\"1\"><span style=\"font-weight: 400;\">zgodne z regulaminem rezultaty<\/span><\/li>\n<\/ul>\n<p><strong>Szczeg\u00f3\u0142owe zasady konkursu znale\u017a\u0107 mo\u017cna w <a href=\"https:\/\/futurelawlab.pl\/wp-content\/uploads\/2025\/03\/FLL-Startups-2_regulamin.pdf\">regulaminie<\/a>.<\/strong><\/p>\n<p><strong>Wnioski nale\u017cy sk\u0142ada\u0107 za pomoc\u0105 <a href=\"https:\/\/forms.office.com\/e\/2Vq7fFmerS\">elektronicznego formularza konkursowego<\/a>.<\/strong><\/p>\n<p><span style=\"font-weight: 400;\">Zastrzega si\u0119 mo\u017cliwo\u015b\u0107 odmowy dofinansowania w przypadku wyczerpania b\u0105d\u017a niewystarczaj\u0105cych \u015brodk\u00f3w finansowych.<\/span><\/p>\n<p><span style=\"font-weight: 400;\">Ewentualne pytania prosimy kierowa\u0107 na adres mailowy Future Law Labu: <\/span><a href=\"mailto:fll@uj.edu.pl\"><span style=\"font-weight: 400;\">fll@uj.edu.pl<\/span><\/a><span style=\"font-weight: 400;\">.<\/span>[\/nectar_text_inline_images][divider line_type=&#8221;Full Width Line&#8221; line_thickness=&#8221;1&#8243; divider_color=&#8221;default&#8221; custom_height=&#8221;100&#8243;][\/vc_column][\/vc_row][vc_row type=&#8221;in_container&#8221; full_screen_row_position=&#8221;middle&#8221; column_margin=&#8221;default&#8221; column_direction=&#8221;default&#8221; column_direction_tablet=&#8221;default&#8221; column_direction_phone=&#8221;default&#8221; scene_position=&#8221;center&#8221; text_color=&#8221;dark&#8221; text_align=&#8221;left&#8221; row_border_radius=&#8221;none&#8221; row_border_radius_applies=&#8221;bg&#8221; overflow=&#8221;visible&#8221; overlay_strength=&#8221;0.3&#8243; gradient_direction=&#8221;left_to_right&#8221; shape_divider_position=&#8221;bottom&#8221; bg_image_animation=&#8221;none&#8221;][vc_column column_padding=&#8221;no-extra-padding&#8221; column_padding_tablet=&#8221;inherit&#8221; column_padding_phone=&#8221;inherit&#8221; column_padding_position=&#8221;all&#8221; column_element_spacing=&#8221;default&#8221; background_color_opacity=&#8221;1&#8243; background_hover_color_opacity=&#8221;1&#8243; column_shadow=&#8221;none&#8221; column_border_radius=&#8221;none&#8221; column_link_target=&#8221;_self&#8221; column_position=&#8221;default&#8221; gradient_direction=&#8221;left_to_right&#8221; overlay_strength=&#8221;0.3&#8243; width=&#8221;1\/1&#8243; tablet_width_inherit=&#8221;default&#8221; tablet_text_alignment=&#8221;default&#8221; phone_text_alignment=&#8221;default&#8221; animation_type=&#8221;default&#8221; bg_image_animation=&#8221;none&#8221; border_type=&#8221;simple&#8221; column_border_width=&#8221;none&#8221; column_border_style=&#8221;solid&#8221;][\/vc_column][\/vc_row]\n","protected":false},"excerpt":{"rendered":"<p>[vc_row type=&#8221;full_width_background&#8221; full_screen_row_position=&#8221;middle&#8221; column_margin=&#8221;default&#8221; column_direction=&#8221;default&#8221; column_direction_tablet=&#8221;default&#8221; column_direction_phone=&#8221;default&#8221; bg_color=&#8221;#0c3d9e&#8221; bg_image=&#8221;7638&#8243; bg_position=&#8221;left top&#8221; background_image_loading=&#8221;default&#8221; bg_repeat=&#8221;no-repeat&#8221; scene_position=&#8221;center&#8221; top_padding=&#8221;10%&#8221; bottom_padding=&#8221;10%&#8221; text_color=&#8221;light&#8221; text_align=&#8221;left&#8221; row_border_radius=&#8221;none&#8221; row_border_radius_applies=&#8221;bg&#8221; overflow=&#8221;visible&#8221; enable_gradient=&#8221;true&#8221; color_overlay=&#8221;#162b93&#8243; color_overlay_2=&#8221;#1680aa&#8221; advanced_gradient_angle=&#8221;0&#8243; overlay_strength=&#8221;0.8&#8243; gradient_direction=&#8221;left_to_right&#8221; shape_divider_position=&#8221;bottom&#8221; bg_image_animation=&#8221;none&#8221; parallax_bg=&#8221;true&#8221;&#8230;<\/p>\n","protected":false},"author":4,"featured_media":0,"parent":9402,"menu_order":0,"comment_status":"closed","ping_status":"closed","template":"","meta":{"footnotes":""},"_links":{"self":[{"href":"https:\/\/futurelawlab.pl\/pl\/wp-json\/wp\/v2\/pages\/9398"}],"collection":[{"href":"https:\/\/futurelawlab.pl\/pl\/wp-json\/wp\/v2\/pages"}],"about":[{"href":"https:\/\/futurelawlab.pl\/pl\/wp-json\/wp\/v2\/types\/page"}],"author":[{"embeddable":true,"href":"https:\/\/futurelawlab.pl\/pl\/wp-json\/wp\/v2\/users\/4"}],"replies":[{"embeddable":true,"href":"https:\/\/futurelawlab.pl\/pl\/wp-json\/wp\/v2\/comments?post=9398"}],"version-history":[{"count":5,"href":"https:\/\/futurelawlab.pl\/pl\/wp-json\/wp\/v2\/pages\/9398\/revisions"}],"predecessor-version":[{"id":9433,"href":"https:\/\/futurelawlab.pl\/pl\/wp-json\/wp\/v2\/pages\/9398\/revisions\/9433"}],"up":[{"embeddable":true,"href":"https:\/\/futurelawlab.pl\/pl\/wp-json\/wp\/v2\/pages\/9402"}],"wp:attachment":[{"href":"https:\/\/futurelawlab.pl\/pl\/wp-json\/wp\/v2\/media?parent=9398"}],"curies":[{"name":"wp","href":"https:\/\/api.w.org\/{rel}","templated":true}]}}