{"id":7907,"date":"2022-08-01T13:00:47","date_gmt":"2022-08-01T11:00:47","guid":{"rendered":"http:\/\/futurelawlab.pl\/about-us\/"},"modified":"2025-03-11T16:05:11","modified_gmt":"2025-03-11T15:05:11","slug":"o-nas","status":"publish","type":"page","link":"https:\/\/futurelawlab.pl\/pl\/o-nas\/","title":{"rendered":"O nas"},"content":{"rendered":"[vc_row type=&#8221;full_width_background&#8221; full_screen_row_position=&#8221;middle&#8221; column_margin=&#8221;default&#8221; column_direction=&#8221;default&#8221; column_direction_tablet=&#8221;default&#8221; column_direction_phone=&#8221;default&#8221; bg_color=&#8221;#0c3d9e&#8221; bg_image=&#8221;7664&#8243; bg_position=&#8221;left top&#8221; background_image_loading=&#8221;default&#8221; bg_repeat=&#8221;no-repeat&#8221; scene_position=&#8221;center&#8221; top_padding=&#8221;10%&#8221; bottom_padding=&#8221;10%&#8221; text_color=&#8221;light&#8221; text_align=&#8221;left&#8221; row_border_radius=&#8221;none&#8221; row_border_radius_applies=&#8221;bg&#8221; overflow=&#8221;visible&#8221; enable_gradient=&#8221;true&#8221; color_overlay=&#8221;#162b93&#8243; color_overlay_2=&#8221;#1680aa&#8221; advanced_gradient_angle=&#8221;0&#8243; overlay_strength=&#8221;0.8&#8243; gradient_direction=&#8221;left_to_right&#8221; shape_divider_position=&#8221;bottom&#8221; bg_image_animation=&#8221;none&#8221; parallax_bg=&#8221;true&#8221; parallax_bg_speed=&#8221;fast&#8221; shape_type=&#8221;&#8221; gradient_type=&#8221;default&#8221;][vc_column column_padding=&#8221;no-extra-padding&#8221; column_padding_tablet=&#8221;inherit&#8221; column_padding_phone=&#8221;inherit&#8221; column_padding_position=&#8221;all&#8221; column_element_spacing=&#8221;default&#8221; background_color_opacity=&#8221;1&#8243; background_hover_color_opacity=&#8221;1&#8243; column_shadow=&#8221;none&#8221; column_border_radius=&#8221;none&#8221; column_link_target=&#8221;_self&#8221; column_position=&#8221;default&#8221; gradient_direction=&#8221;left_to_right&#8221; overlay_strength=&#8221;0.3&#8243; width=&#8221;1\/1&#8243; tablet_width_inherit=&#8221;default&#8221; tablet_text_alignment=&#8221;default&#8221; phone_text_alignment=&#8221;default&#8221; animation_type=&#8221;default&#8221; bg_image_animation=&#8221;none&#8221; border_type=&#8221;simple&#8221; column_border_width=&#8221;none&#8221; column_border_style=&#8221;solid&#8221;][nectar_highlighted_text color_type=&#8221;regular&#8221; highlight_color=&#8221;#bb3a9d&#8221; style=&#8221;half_text&#8221;]\n<h2>O <i>nas<\/i><\/h2>\n[\/nectar_highlighted_text][divider line_type=&#8221;Full Width Line&#8221; line_thickness=&#8221;1&#8243; divider_color=&#8221;default&#8221; custom_height=&#8221;100&#8243;][vc_row_inner column_margin=&#8221;default&#8221; column_direction=&#8221;default&#8221; column_direction_tablet=&#8221;default&#8221; column_direction_phone=&#8221;default&#8221; left_padding_desktop=&#8221;0&#8243; text_align=&#8221;left&#8221; row_position=&#8221;default&#8221; row_position_tablet=&#8221;inherit&#8221; row_position_phone=&#8221;inherit&#8221; overflow=&#8221;visible&#8221; pointer_events=&#8221;all&#8221;][vc_column_inner column_padding=&#8221;padding-5-percent&#8221; column_padding_tablet=&#8221;inherit&#8221; column_padding_phone=&#8221;inherit&#8221; column_padding_position=&#8221;right&#8221; right_margin=&#8221;0&#8243; column_element_spacing=&#8221;default&#8221; background_color_opacity=&#8221;1&#8243; background_hover_color_opacity=&#8221;1&#8243; column_shadow=&#8221;none&#8221; column_border_radius=&#8221;none&#8221; column_link_target=&#8221;_self&#8221; advanced_gradient_angle=&#8221;0&#8243; gradient_direction=&#8221;left_to_right&#8221; overlay_strength=&#8221;0.3&#8243; width=&#8221;1\/2&#8243; tablet_width_inherit=&#8221;default&#8221; animation_type=&#8221;default&#8221; bg_image_animation=&#8221;none&#8221; border_type=&#8221;simple&#8221; column_border_width=&#8221;none&#8221; column_border_style=&#8221;solid&#8221; gradient_type=&#8221;default&#8221;]<div class=\"iwithtext\"><div class=\"iwt-icon\"> <i class=\"icon-default-style steadysets-icon-pencil extra-color-2\"><\/i> <\/div><div class=\"iwt-text\"> \n<h3><span style=\"font-weight: 400;\">Future Law Lab (FLL) jest wirtualn\u0105 jednostk\u0105 powo\u0142an\u0105 na Uniwersytecie Jagiello\u0144skim w ramach Priorytetowego Obszaru Badawczego Society of the Future w programie Inicjatywa Doskona\u0142o\u015bci UJ.<br \/>\n<\/span><\/h3>\n<h5><span style=\"font-weight: 400;\">FLL prowadzi dzia\u0142alno\u015b\u0107 badawcz\u0105 (naukow\u0105), edukacyjn\u0105, eksperck\u0105 i networkingow\u0105 w zakresie <b>teoretycznych i praktycznych problem\u00f3w zwi\u0105zanych z interakcjami mi\u0119dzy prawem a naukami empirycznymi, nowoczesnymi technologiami oraz wsp\u00f3\u0142czesnymi zjawiskami spo\u0142ecznymi i cywilizacyjnymi<\/b>. Dzia\u0142ania FLL maj\u0105 przynosi\u0107 odpowiedzi na wyzwania, kt\u00f3re coraz dynamiczniej zmieniaj\u0105cy si\u0119 \u015bwiat stawia zar\u00f3wno przed naukami prawnymi, jak i przed spo\u0142ecze\u0144stwami. Ambicj\u0105 FLL jest ponadto szybkie reagowanie na kluczowe bie\u017c\u0105ce problemy, w kt\u00f3rych rozwi\u0105zaniu prawo mo\u017ce pom\u00f3c lub przeszkodzi\u0107.<\/span><\/h5>\n<div id=\"a11y-speak-polite\" class=\"a11y-speak-region\" aria-live=\"polite\" aria-relevant=\"additions text\" aria-atomic=\"true\"><\/div>\n<div id=\"nectar-fe-sortable-indicator\"><\/div>\n <\/div><div class=\"clear\"><\/div><\/div>[\/vc_column_inner][vc_column_inner column_padding=&#8221;no-extra-padding&#8221; column_padding_tablet=&#8221;inherit&#8221; column_padding_phone=&#8221;inherit&#8221; column_padding_position=&#8221;all&#8221; column_element_spacing=&#8221;default&#8221; background_color_opacity=&#8221;1&#8243; background_hover_color_opacity=&#8221;1&#8243; column_shadow=&#8221;none&#8221; column_border_radius=&#8221;none&#8221; column_link_target=&#8221;_self&#8221; gradient_direction=&#8221;left_to_right&#8221; overlay_strength=&#8221;0.3&#8243; width=&#8221;1\/2&#8243; tablet_width_inherit=&#8221;default&#8221; animation_type=&#8221;default&#8221; bg_image_animation=&#8221;none&#8221; border_type=&#8221;simple&#8221; column_border_width=&#8221;none&#8221; column_border_style=&#8221;solid&#8221;]<div class=\"iwithtext\"><div class=\"iwt-icon\"> <i class=\"icon-default-style fa fa-search extra-color-2\"><\/i> <\/div><div class=\"iwt-text\"> \n<h4><span style=\"font-weight: 400;\">Dzia\u0142ania naukowe w ramach FLL dotycz\u0105 w szczeg\u00f3lno\u015bci nast\u0119puj\u0105cych zagadnie\u0144: \u00a0<\/span><\/h4>\n<ul>\n<li><span style=\"font-weight: 400;\">Czy rozw\u00f3j nauk o umy\u015ble (kognitywistyki, psychologii eksperymentalnej, neuronauki poznawczej\u2026) powinien wp\u0142ywa\u0107 na tworzenie, interpretacj\u0119 i stosowanie prawa? Czy dzi\u0119ki naukom kognitywnym mo\u017cna lepiej zrozumie\u0107 zachowania, procesy poznawcze i decyzje uczestnik\u00f3w obrotu prawnego?<br \/>\n<\/span><\/li>\n<li>Jakie mo\u017cliwo\u015bci i trudno\u015bci dla system\u00f3w prawnych przynosi post\u0119p w zakresie technologii informatycznych (np. sztucznej inteligencji i uczenia maszynowego) i biotechnologii (zw\u0142aszcza genetyki)? Jak sprawi\u0107, by post\u0119p ten przyni\u00f3s\u0142 spo\u0142ecze\u0144stwu korzy\u015bci, a jednocze\u015bnie nie sta\u0142 si\u0119 zagro\u017ceniem dla sprawiedliwo\u015bci, bezpiecze\u0144stwa i wolno\u015bci?<\/li>\n<\/ul>\n<p><span style=\"font-weight: 400;\">W ramach aktualnie realizowanych w FLL projekt\u00f3w badawczych zajmujemy si\u0119 m.in. autorstwem przysz\u0142o\u015bci (w uj\u0119ciu prawnym, filozoficznym i kognitywnym), dowodami eksperckimi (z perspektywy interdyscyplinarnej), wyobra\u017ani\u0105 prawnicz\u0105, naturaln\u0105 histori\u0105 prawa, nowymi technologiami w systemie ochrony zdrowia (w \u015bwietle praw cz\u0142owieka) i w community policing,\u00a0<\/span><span style=\"font-weight: 400;\">prawami przysz\u0142ych pokole\u0144 (w aspekcie konstytucyjnym), rol\u0105 koordynacji w stosowaniu regu\u0142, wyzwaniami w implementacji konwencji stambulskiej (na przyk\u0142adzie Polski oraz Bo\u015bni i Hercegowiny) czy wp\u0142ywem rozwoju AI na prac\u0119 bieg\u0142ych s\u0105dowych.\u00a0 <\/span><\/p>\n<p>&nbsp;<\/p>\n<p><span style=\"font-weight: 400;\">\u00a0<\/span> <\/div><div class=\"clear\"><\/div><\/div>[\/vc_column_inner][\/vc_row_inner][vc_column_text][\/vc_column_text][\/vc_column][\/vc_row]\n","protected":false},"excerpt":{"rendered":"<p>[vc_row type=&#8221;full_width_background&#8221; full_screen_row_position=&#8221;middle&#8221; column_margin=&#8221;default&#8221; column_direction=&#8221;default&#8221; column_direction_tablet=&#8221;default&#8221; column_direction_phone=&#8221;default&#8221; bg_color=&#8221;#0c3d9e&#8221; bg_image=&#8221;7664&#8243; bg_position=&#8221;left top&#8221; background_image_loading=&#8221;default&#8221; bg_repeat=&#8221;no-repeat&#8221; scene_position=&#8221;center&#8221; top_padding=&#8221;10%&#8221; bottom_padding=&#8221;10%&#8221; text_color=&#8221;light&#8221; text_align=&#8221;left&#8221; row_border_radius=&#8221;none&#8221; row_border_radius_applies=&#8221;bg&#8221; overflow=&#8221;visible&#8221; enable_gradient=&#8221;true&#8221; color_overlay=&#8221;#162b93&#8243; color_overlay_2=&#8221;#1680aa&#8221; advanced_gradient_angle=&#8221;0&#8243; overlay_strength=&#8221;0.8&#8243; gradient_direction=&#8221;left_to_right&#8221; shape_divider_position=&#8221;bottom&#8221; bg_image_animation=&#8221;none&#8221; parallax_bg=&#8221;true&#8221;&#8230;<\/p>\n","protected":false},"author":1,"featured_media":0,"parent":0,"menu_order":0,"comment_status":"closed","ping_status":"closed","template":"","meta":{"footnotes":""},"_links":{"self":[{"href":"https:\/\/futurelawlab.pl\/pl\/wp-json\/wp\/v2\/pages\/7907"}],"collection":[{"href":"https:\/\/futurelawlab.pl\/pl\/wp-json\/wp\/v2\/pages"}],"about":[{"href":"https:\/\/futurelawlab.pl\/pl\/wp-json\/wp\/v2\/types\/page"}],"author":[{"embeddable":true,"href":"https:\/\/futurelawlab.pl\/pl\/wp-json\/wp\/v2\/users\/1"}],"replies":[{"embeddable":true,"href":"https:\/\/futurelawlab.pl\/pl\/wp-json\/wp\/v2\/comments?post=7907"}],"version-history":[{"count":9,"href":"https:\/\/futurelawlab.pl\/pl\/wp-json\/wp\/v2\/pages\/7907\/revisions"}],"predecessor-version":[{"id":9383,"href":"https:\/\/futurelawlab.pl\/pl\/wp-json\/wp\/v2\/pages\/7907\/revisions\/9383"}],"wp:attachment":[{"href":"https:\/\/futurelawlab.pl\/pl\/wp-json\/wp\/v2\/media?parent=7907"}],"curies":[{"name":"wp","href":"https:\/\/api.w.org\/{rel}","templated":true}]}}